{"id":8731,"date":"2022-03-28T16:12:25","date_gmt":"2022-03-28T15:12:25","guid":{"rendered":"https:\/\/www.cote-mas.fr\/gift-vouchers\/"},"modified":"2022-05-23T13:33:26","modified_gmt":"2022-05-23T12:33:26","slug":"gift-vouchers","status":"publish","type":"page","link":"https:\/\/www.cote-mas.fr\/en\/gift-vouchers\/","title":{"rendered":"Gift vouchers"},"content":{"rendered":"\n\n[et_pb_section fb_built=&#8221;1&#8243; fullwidth=&#8221;on&#8221; admin_label=&#8221;section&#8221; _builder_version=&#8221;4.14.9&#8243; background_color=&#8221;#000000&#8243; height=&#8221;250px&#8221; height_tablet=&#8221;250px&#8221; height_phone=&#8221;167px&#8221; height_last_edited=&#8221;on|phone&#8221; hover_enabled=&#8221;0&#8243; border_width_top=&#8221;7px&#8221; border_width_bottom=&#8221;9px&#8221; transparent_background=&#8221;off&#8221; padding_mobile=&#8221;off&#8221; make_fullwidth=&#8221;off&#8221; use_custom_width=&#8221;off&#8221; width_unit=&#8221;on&#8221; locked=&#8221;off&#8221; global_colors_info=&#8221;{}&#8221; sticky_enabled=&#8221;0&#8243; custom_margin_last_edited=&#8221;on|phone&#8221; custom_margin_tablet=&#8221;25px||0px||false|false&#8221; custom_margin_phone=&#8221;43px||||false|false&#8221; max_height_last_edited=&#8221;on|phone&#8221; max_height_phone=&#8221;100px&#8221;][et_pb_fullwidth_image src=&#8221;https:\/\/www.cote-mas.fr\/wp-content\/uploads\/2022\/03\/Bons-Cadeaux-Cote-Mas.png&#8221; title_text=&#8221; Gift vouchers C\u00f4t\u00e9 Mas&#8221; _builder_version=&#8221;4.14.7&#8243; _module_preset=&#8221;default&#8221; max_width=&#8221;40%&#8221; max_width_tablet=&#8221;94%&#8221; max_width_phone=&#8221;100%&#8221; max_width_last_edited=&#8221;on|phone&#8221; module_alignment=&#8221;left&#8221; custom_margin=&#8221;-30px||||false|false&#8221; custom_padding=&#8221;||0px|60px|false|false&#8221; global_colors_info=&#8221;{}&#8221;][\/et_pb_fullwidth_image][\/et_pb_section][et_pb_section fb_built=&#8221;1&#8243; _builder_version=&#8221;4.14.7&#8243; background_color=&#8221;#5F504D&#8221; custom_margin=&#8221;-14px|||||&#8221; global_colors_info=&#8221;{}&#8221;][et_pb_row _builder_version=&#8221;3.25&#8243; background_size=&#8221;initial&#8221; background_position=&#8221;top_left&#8221; background_repeat=&#8221;repeat&#8221; global_colors_info=&#8221;{}&#8221;][et_pb_column type=&#8221;4_4&#8243; _builder_version=&#8221;3.25&#8243; custom_padding=&#8221;|||&#8221; global_colors_info=&#8221;{}&#8221; custom_padding__hover=&#8221;|||&#8221;][et_pb_image src=&#8221;https:\/\/www.cote-mas.fr\/wp-content\/uploads\/2022\/03\/Bons-cadeaux-Cote-Mas-1.png&#8221; title_text=&#8221; Gift vouchers C\u00f4t\u00e9 Mas&#8221; align=&#8221;center&#8221; _builder_version=&#8221;4.14.9&#8243; _module_preset=&#8221;default&#8221; module_alignment=&#8221;center&#8221; height=&#8221;122px&#8221; max_height=&#8221;1000px&#8221; custom_margin=&#8221;62px||||false|false&#8221; custom_padding=&#8221;||20px||false|false&#8221; hover_enabled=&#8221;0&#8243; locked=&#8221;off&#8221; global_colors_info=&#8221;{}&#8221; custom_margin_last_edited=&#8221;on|phone&#8221; custom_margin_phone=&#8221;-67px||||false|false&#8221; sticky_enabled=&#8221;0&#8243; custom_margin_tablet=&#8221;-50px||||false|false&#8221;][\/et_pb_image][et_pb_text admin_label=&#8221;Text&#8221; _builder_version=&#8221;4.14.7&#8243; header_2_font=&#8221;|||||on|||&#8221; header_2_font_size=&#8221;34px&#8221; background_size=&#8221;initial&#8221; background_position=&#8221;top_left&#8221; background_repeat=&#8221;repeat&#8221; background_layout=&#8221;dark&#8221; max_width=&#8221;70%&#8221; module_alignment=&#8221;center&#8221; custom_margin=&#8221;-26px|0px|0px|0px|false|false&#8221; custom_padding=&#8221;0px|0px|0px|0px|false|false&#8221; border_style_all=&#8221;inset&#8221; use_border_color=&#8221;off&#8221; border_color=&#8221;#ffffff&#8221; border_style=&#8221;solid&#8221; locked=&#8221;off&#8221; global_colors_info=&#8221;{}&#8221;]<h2 style=\"text-align: center;\">\r\nA wonderful gift&#8230;<\/h2>\r\n&nbsp;\r\n<p style=\"text-align: justify;\"><\/p>[\/et_pb_text][et_pb_divider color=&#8221;#d2ac2a&#8221; disabled_on=&#8221;on|off|off&#8221; _builder_version=&#8221;4.14.2&#8243; _module_preset=&#8221;default&#8221; width=&#8221;15%&#8221; module_alignment=&#8221;center&#8221; custom_margin=&#8221;-29px|||334px|false|false&#8221; custom_padding=&#8221;||35px||false|false&#8221; locked=&#8221;off&#8221; global_colors_info=&#8221;{}&#8221;][\/et_pb_divider][et_pb_text _builder_version=&#8221;4.14.8&#8243; text_text_color=&#8221;#F5F4E9&#8243; custom_margin=&#8221;-48px|||||&#8221; global_colors_info=&#8221;{}&#8221;]Offer your loved ones, your friends, your colleagues, the Domaines Paul Mas experience![\/et_pb_text][\/et_pb_column][\/et_pb_row][\/et_pb_section][et_pb_section fb_built=&#8221;1&#8243; _builder_version=&#8221;3.22&#8243; global_colors_info=&#8221;{}&#8221;][et_pb_row _builder_version=&#8221;3.25&#8243; background_size=&#8221;initial&#8221; background_position=&#8221;top_left&#8221; background_repeat=&#8221;repeat&#8221; global_colors_info=&#8221;{}&#8221;][et_pb_column type=&#8221;4_4&#8243; _builder_version=&#8221;3.25&#8243; custom_padding=&#8221;|||&#8221; global_colors_info=&#8221;{}&#8221; custom_padding__hover=&#8221;|||&#8221;][et_pb_code global_colors_info=&#8221;{}&#8221;]<iframe style=\"width: 100%; border: 0\" src=\"https:\/\/cotemas.bonkdo.com\/#\/?embed=true&#038;origin=Mon%20site%20web\"><\/iframe><!-- [et_pb_line_break_holder] --><script src=\"https:\/\/cotemas.bonkdo.com\/static\/js\/iframeResizer.min.js\"><\/script><script>iFrameResize()<\/script><!-- [et_pb_line_break_holder] -->[\/et_pb_code][\/et_pb_column][\/et_pb_row][\/et_pb_section][et_pb_section fb_built=&#8221;1&#8243; fullwidth=&#8221;on&#8221; custom_padding_last_edited=&#8221;on|desktop&#8221; admin_label=&#8221;section&#8221; _builder_version=&#8221;3.22&#8243; background_color=&#8221;#f2f2f2&#8243; custom_padding_tablet=&#8221;50px|0|50px|0&#8243; custom_padding_phone=&#8221;&#8221; transparent_background=&#8221;off&#8221; padding_mobile=&#8221;off&#8221; make_fullwidth=&#8221;off&#8221; use_custom_width=&#8221;off&#8221; width_unit=&#8221;on&#8221; global_colors_info=&#8221;{}&#8221;][et_pb_fullwidth_slider show_arrows=&#8221;off&#8221; show_image_video_mobile=&#8221;on&#8221; _builder_version=&#8221;3.16&#8243; background_position=&#8221;top_left&#8221; custom_padding=&#8221;|||&#8221; auto=&#8221;on&#8221; auto_speed=&#8221;4000&#8243; global_colors_info=&#8221;{}&#8221; button_text_size__hover_enabled=&#8221;off&#8221; button_text_size__hover=&#8221;null&#8221; button_one_text_size__hover_enabled=&#8221;off&#8221; button_one_text_size__hover=&#8221;null&#8221; button_two_text_size__hover_enabled=&#8221;off&#8221; button_two_text_size__hover=&#8221;null&#8221; button_text_color__hover_enabled=&#8221;off&#8221; button_text_color__hover=&#8221;null&#8221; button_one_text_color__hover_enabled=&#8221;off&#8221; button_one_text_color__hover=&#8221;null&#8221; button_two_text_color__hover_enabled=&#8221;off&#8221; button_two_text_color__hover=&#8221;null&#8221; button_border_width__hover_enabled=&#8221;off&#8221; button_border_width__hover=&#8221;null&#8221; button_one_border_width__hover_enabled=&#8221;off&#8221; button_one_border_width__hover=&#8221;null&#8221; button_two_border_width__hover_enabled=&#8221;off&#8221; button_two_border_width__hover=&#8221;null&#8221; button_border_color__hover_enabled=&#8221;off&#8221; button_border_color__hover=&#8221;null&#8221; button_one_border_color__hover_enabled=&#8221;off&#8221; button_one_border_color__hover=&#8221;null&#8221; button_two_border_color__hover_enabled=&#8221;off&#8221; button_two_border_color__hover=&#8221;null&#8221; button_border_radius__hover_enabled=&#8221;off&#8221; button_border_radius__hover=&#8221;null&#8221; button_one_border_radius__hover_enabled=&#8221;off&#8221; button_one_border_radius__hover=&#8221;null&#8221; button_two_border_radius__hover_enabled=&#8221;off&#8221; button_two_border_radius__hover=&#8221;null&#8221; button_letter_spacing__hover_enabled=&#8221;off&#8221; button_letter_spacing__hover=&#8221;null&#8221; button_one_letter_spacing__hover_enabled=&#8221;off&#8221; button_one_letter_spacing__hover=&#8221;null&#8221; button_two_letter_spacing__hover_enabled=&#8221;off&#8221; button_two_letter_spacing__hover=&#8221;null&#8221; button_bg_color__hover_enabled=&#8221;off&#8221; button_bg_color__hover=&#8221;null&#8221; button_one_bg_color__hover_enabled=&#8221;off&#8221; button_one_bg_color__hover=&#8221;null&#8221; button_two_bg_color__hover_enabled=&#8221;off&#8221; button_two_bg_color__hover=&#8221;null&#8221;][et_pb_slide use_bg_overlay=&#8221;off&#8221; use_text_overlay=&#8221;off&#8221; _builder_version=&#8221;3.16&#8243; background_color=&#8221;#ffffff&#8221; background_image=&#8221;https:\/\/www.cote-mas.fr\/wp-content\/uploads\/2015\/09\/panorama-cote-mas.jpg&#8221; background_position=&#8221;top_left&#8221; global_colors_info=&#8221;{}&#8221; button_text_size__hover_enabled=&#8221;off&#8221; button_one_text_size__hover_enabled=&#8221;off&#8221; button_two_text_size__hover_enabled=&#8221;off&#8221; button_text_color__hover_enabled=&#8221;off&#8221; button_one_text_color__hover_enabled=&#8221;off&#8221; button_two_text_color__hover_enabled=&#8221;off&#8221; button_border_width__hover_enabled=&#8221;off&#8221; button_one_border_width__hover_enabled=&#8221;off&#8221; button_two_border_width__hover_enabled=&#8221;off&#8221; button_border_color__hover_enabled=&#8221;off&#8221; button_one_border_color__hover_enabled=&#8221;off&#8221; button_two_border_color__hover_enabled=&#8221;off&#8221; button_border_radius__hover_enabled=&#8221;off&#8221; button_one_border_radius__hover_enabled=&#8221;off&#8221; button_two_border_radius__hover_enabled=&#8221;off&#8221; button_letter_spacing__hover_enabled=&#8221;off&#8221; button_one_letter_spacing__hover_enabled=&#8221;off&#8221; button_two_letter_spacing__hover_enabled=&#8221;off&#8221; button_bg_color__hover_enabled=&#8221;off&#8221; button_one_bg_color__hover_enabled=&#8221;off&#8221; button_two_bg_color__hover_enabled=&#8221;off&#8221; sticky_transition=&#8221;on&#8221;][\/et_pb_slide][\/et_pb_fullwidth_slider][\/et_pb_section]\n\n","protected":false},"excerpt":{"rendered":"<p>A wonderful gift&#8230; &nbsp; Offer your loved ones, your friends, your colleagues, the Domaines Paul Mas experience!<\/p>\n","protected":false},"author":43,"featured_media":8411,"parent":0,"menu_order":0,"comment_status":"closed","ping_status":"closed","template":"","meta":{"_et_pb_use_builder":"on","_et_pb_old_content":"","_et_gb_content_width":"","footnotes":""},"class_list":["post-8731","page","type-page","status-publish","has-post-thumbnail","hentry"],"yoast_head":"<!-- This site is optimized with the Yoast SEO plugin v27.4 - https:\/\/yoast.com\/product\/yoast-seo-wordpress\/ -->\n<title>Gift vouchers - C\u00f4t\u00e9 Mas<\/title>\n<meta name=\"description\" content=\"For discovery, by passion or even curiosity, our offers are designed for everyone: gourmet restaurant, visits to the vineyard (horse, buggy)\" \/>\n<meta name=\"robots\" content=\"index, follow, max-snippet:-1, max-image-preview:large, max-video-preview:-1\" \/>\n<link rel=\"canonical\" href=\"https:\/\/www.cote-mas.fr\/en\/gift-vouchers\/\" \/>\n<meta property=\"og:locale\" content=\"en_US\" \/>\n<meta property=\"og:type\" content=\"article\" \/>\n<meta property=\"og:title\" content=\"Gift vouchers - C\u00f4t\u00e9 Mas\" \/>\n<meta property=\"og:description\" content=\"For discovery, by passion or even curiosity, our offers are designed for everyone: gourmet restaurant, visits to the vineyard (horse, buggy)\" \/>\n<meta property=\"og:url\" content=\"https:\/\/www.cote-mas.fr\/en\/gift-vouchers\/\" \/>\n<meta property=\"og:site_name\" content=\"C\u00f4t\u00e9 Mas\" \/>\n<meta property=\"article:publisher\" content=\"https:\/\/www.facebook.com\/Cote.Mas\" \/>\n<meta property=\"article:modified_time\" content=\"2022-05-23T12:33:26+00:00\" \/>\n<meta property=\"og:image\" content=\"https:\/\/www.cote-mas.fr\/wp-content\/uploads\/2022\/03\/Bons-cadeaux-Cote-Mas-1.png\" \/>\n\t<meta property=\"og:image:width\" content=\"500\" \/>\n\t<meta property=\"og:image:height\" content=\"500\" \/>\n\t<meta property=\"og:image:type\" content=\"image\/png\" \/>\n<meta name=\"twitter:card\" content=\"summary_large_image\" \/>\n<meta name=\"twitter:label1\" content=\"Est. reading time\" \/>\n\t<meta name=\"twitter:data1\" content=\"5 minutes\" \/>\n<script type=\"application\/ld+json\" class=\"yoast-schema-graph\">{\"@context\":\"https:\\\/\\\/schema.org\",\"@graph\":[{\"@type\":\"WebPage\",\"@id\":\"https:\\\/\\\/www.cote-mas.fr\\\/en\\\/gift-vouchers\\\/\",\"url\":\"https:\\\/\\\/www.cote-mas.fr\\\/en\\\/gift-vouchers\\\/\",\"name\":\"Gift vouchers - C\u00f4t\u00e9 Mas\",\"isPartOf\":{\"@id\":\"https:\\\/\\\/www.cote-mas.fr\\\/#website\"},\"primaryImageOfPage\":{\"@id\":\"https:\\\/\\\/www.cote-mas.fr\\\/en\\\/gift-vouchers\\\/#primaryimage\"},\"image\":{\"@id\":\"https:\\\/\\\/www.cote-mas.fr\\\/en\\\/gift-vouchers\\\/#primaryimage\"},\"thumbnailUrl\":\"https:\\\/\\\/www.cote-mas.fr\\\/wp-content\\\/uploads\\\/2022\\\/03\\\/Bons-cadeaux-Cote-Mas-1.png\",\"datePublished\":\"2022-03-28T15:12:25+00:00\",\"dateModified\":\"2022-05-23T12:33:26+00:00\",\"description\":\"For discovery, by passion or even curiosity, our offers are designed for everyone: gourmet restaurant, visits to the vineyard (horse, buggy)\",\"breadcrumb\":{\"@id\":\"https:\\\/\\\/www.cote-mas.fr\\\/en\\\/gift-vouchers\\\/#breadcrumb\"},\"inLanguage\":\"en-US\",\"potentialAction\":[{\"@type\":\"ReadAction\",\"target\":[\"https:\\\/\\\/www.cote-mas.fr\\\/en\\\/gift-vouchers\\\/\"]}]},{\"@type\":\"ImageObject\",\"inLanguage\":\"en-US\",\"@id\":\"https:\\\/\\\/www.cote-mas.fr\\\/en\\\/gift-vouchers\\\/#primaryimage\",\"url\":\"https:\\\/\\\/www.cote-mas.fr\\\/wp-content\\\/uploads\\\/2022\\\/03\\\/Bons-cadeaux-Cote-Mas-1.png\",\"contentUrl\":\"https:\\\/\\\/www.cote-mas.fr\\\/wp-content\\\/uploads\\\/2022\\\/03\\\/Bons-cadeaux-Cote-Mas-1.png\",\"width\":500,\"height\":500,\"caption\":\"Picto Bons Cadeaux C\u00f4t\u00e9 Mas\"},{\"@type\":\"BreadcrumbList\",\"@id\":\"https:\\\/\\\/www.cote-mas.fr\\\/en\\\/gift-vouchers\\\/#breadcrumb\",\"itemListElement\":[{\"@type\":\"ListItem\",\"position\":1,\"name\":\"Accueil\",\"item\":\"https:\\\/\\\/www.cote-mas.fr\\\/en\\\/\"},{\"@type\":\"ListItem\",\"position\":2,\"name\":\"Gift vouchers\"}]},{\"@type\":\"WebSite\",\"@id\":\"https:\\\/\\\/www.cote-mas.fr\\\/#website\",\"url\":\"https:\\\/\\\/www.cote-mas.fr\\\/\",\"name\":\"C\u00f4t\u00e9 Mas\",\"description\":\"Le restaurant des Domaines Paul Mas \u00e0 Montagnac en Languedoc\",\"publisher\":{\"@id\":\"https:\\\/\\\/www.cote-mas.fr\\\/#organization\"},\"potentialAction\":[{\"@type\":\"SearchAction\",\"target\":{\"@type\":\"EntryPoint\",\"urlTemplate\":\"https:\\\/\\\/www.cote-mas.fr\\\/?s={search_term_string}\"},\"query-input\":{\"@type\":\"PropertyValueSpecification\",\"valueRequired\":true,\"valueName\":\"search_term_string\"}}],\"inLanguage\":\"en-US\"},{\"@type\":\"Organization\",\"@id\":\"https:\\\/\\\/www.cote-mas.fr\\\/#organization\",\"name\":\"C\u00f4t\u00e9 Mas\",\"url\":\"https:\\\/\\\/www.cote-mas.fr\\\/\",\"logo\":{\"@type\":\"ImageObject\",\"inLanguage\":\"en-US\",\"@id\":\"https:\\\/\\\/www.cote-mas.fr\\\/#\\\/schema\\\/logo\\\/image\\\/\",\"url\":\"https:\\\/\\\/www.cote-mas.fr\\\/wp-content\\\/uploads\\\/2021\\\/07\\\/Logo-cote-mas-seul-copie-2.png\",\"contentUrl\":\"https:\\\/\\\/www.cote-mas.fr\\\/wp-content\\\/uploads\\\/2021\\\/07\\\/Logo-cote-mas-seul-copie-2.png\",\"width\":487,\"height\":114,\"caption\":\"C\u00f4t\u00e9 Mas\"},\"image\":{\"@id\":\"https:\\\/\\\/www.cote-mas.fr\\\/#\\\/schema\\\/logo\\\/image\\\/\"},\"sameAs\":[\"https:\\\/\\\/www.facebook.com\\\/Cote.Mas\",\"https:\\\/\\\/www.instagram.com\\\/cotemas\\\/\"]}]}<\/script>\n<!-- \/ Yoast SEO plugin. -->","yoast_head_json":{"title":"Gift vouchers - C\u00f4t\u00e9 Mas","description":"For discovery, by passion or even curiosity, our offers are designed for everyone: gourmet restaurant, visits to the vineyard (horse, buggy)","robots":{"index":"index","follow":"follow","max-snippet":"max-snippet:-1","max-image-preview":"max-image-preview:large","max-video-preview":"max-video-preview:-1"},"canonical":"https:\/\/www.cote-mas.fr\/en\/gift-vouchers\/","og_locale":"en_US","og_type":"article","og_title":"Gift vouchers - C\u00f4t\u00e9 Mas","og_description":"For discovery, by passion or even curiosity, our offers are designed for everyone: gourmet restaurant, visits to the vineyard (horse, buggy)","og_url":"https:\/\/www.cote-mas.fr\/en\/gift-vouchers\/","og_site_name":"C\u00f4t\u00e9 Mas","article_publisher":"https:\/\/www.facebook.com\/Cote.Mas","article_modified_time":"2022-05-23T12:33:26+00:00","og_image":[{"width":500,"height":500,"url":"https:\/\/www.cote-mas.fr\/wp-content\/uploads\/2022\/03\/Bons-cadeaux-Cote-Mas-1.png","type":"image\/png"}],"twitter_card":"summary_large_image","twitter_misc":{"Est. reading time":"5 minutes"},"schema":{"@context":"https:\/\/schema.org","@graph":[{"@type":"WebPage","@id":"https:\/\/www.cote-mas.fr\/en\/gift-vouchers\/","url":"https:\/\/www.cote-mas.fr\/en\/gift-vouchers\/","name":"Gift vouchers - C\u00f4t\u00e9 Mas","isPartOf":{"@id":"https:\/\/www.cote-mas.fr\/#website"},"primaryImageOfPage":{"@id":"https:\/\/www.cote-mas.fr\/en\/gift-vouchers\/#primaryimage"},"image":{"@id":"https:\/\/www.cote-mas.fr\/en\/gift-vouchers\/#primaryimage"},"thumbnailUrl":"https:\/\/www.cote-mas.fr\/wp-content\/uploads\/2022\/03\/Bons-cadeaux-Cote-Mas-1.png","datePublished":"2022-03-28T15:12:25+00:00","dateModified":"2022-05-23T12:33:26+00:00","description":"For discovery, by passion or even curiosity, our offers are designed for everyone: gourmet restaurant, visits to the vineyard (horse, buggy)","breadcrumb":{"@id":"https:\/\/www.cote-mas.fr\/en\/gift-vouchers\/#breadcrumb"},"inLanguage":"en-US","potentialAction":[{"@type":"ReadAction","target":["https:\/\/www.cote-mas.fr\/en\/gift-vouchers\/"]}]},{"@type":"ImageObject","inLanguage":"en-US","@id":"https:\/\/www.cote-mas.fr\/en\/gift-vouchers\/#primaryimage","url":"https:\/\/www.cote-mas.fr\/wp-content\/uploads\/2022\/03\/Bons-cadeaux-Cote-Mas-1.png","contentUrl":"https:\/\/www.cote-mas.fr\/wp-content\/uploads\/2022\/03\/Bons-cadeaux-Cote-Mas-1.png","width":500,"height":500,"caption":"Picto Bons Cadeaux C\u00f4t\u00e9 Mas"},{"@type":"BreadcrumbList","@id":"https:\/\/www.cote-mas.fr\/en\/gift-vouchers\/#breadcrumb","itemListElement":[{"@type":"ListItem","position":1,"name":"Accueil","item":"https:\/\/www.cote-mas.fr\/en\/"},{"@type":"ListItem","position":2,"name":"Gift vouchers"}]},{"@type":"WebSite","@id":"https:\/\/www.cote-mas.fr\/#website","url":"https:\/\/www.cote-mas.fr\/","name":"C\u00f4t\u00e9 Mas","description":"Le restaurant des Domaines Paul Mas \u00e0 Montagnac en Languedoc","publisher":{"@id":"https:\/\/www.cote-mas.fr\/#organization"},"potentialAction":[{"@type":"SearchAction","target":{"@type":"EntryPoint","urlTemplate":"https:\/\/www.cote-mas.fr\/?s={search_term_string}"},"query-input":{"@type":"PropertyValueSpecification","valueRequired":true,"valueName":"search_term_string"}}],"inLanguage":"en-US"},{"@type":"Organization","@id":"https:\/\/www.cote-mas.fr\/#organization","name":"C\u00f4t\u00e9 Mas","url":"https:\/\/www.cote-mas.fr\/","logo":{"@type":"ImageObject","inLanguage":"en-US","@id":"https:\/\/www.cote-mas.fr\/#\/schema\/logo\/image\/","url":"https:\/\/www.cote-mas.fr\/wp-content\/uploads\/2021\/07\/Logo-cote-mas-seul-copie-2.png","contentUrl":"https:\/\/www.cote-mas.fr\/wp-content\/uploads\/2021\/07\/Logo-cote-mas-seul-copie-2.png","width":487,"height":114,"caption":"C\u00f4t\u00e9 Mas"},"image":{"@id":"https:\/\/www.cote-mas.fr\/#\/schema\/logo\/image\/"},"sameAs":["https:\/\/www.facebook.com\/Cote.Mas","https:\/\/www.instagram.com\/cotemas\/"]}]}},"_links":{"self":[{"href":"https:\/\/www.cote-mas.fr\/en\/wp-json\/wp\/v2\/pages\/8731","targetHints":{"allow":["GET"]}}],"collection":[{"href":"https:\/\/www.cote-mas.fr\/en\/wp-json\/wp\/v2\/pages"}],"about":[{"href":"https:\/\/www.cote-mas.fr\/en\/wp-json\/wp\/v2\/types\/page"}],"author":[{"embeddable":true,"href":"https:\/\/www.cote-mas.fr\/en\/wp-json\/wp\/v2\/users\/43"}],"replies":[{"embeddable":true,"href":"https:\/\/www.cote-mas.fr\/en\/wp-json\/wp\/v2\/comments?post=8731"}],"version-history":[{"count":9,"href":"https:\/\/www.cote-mas.fr\/en\/wp-json\/wp\/v2\/pages\/8731\/revisions"}],"predecessor-version":[{"id":9244,"href":"https:\/\/www.cote-mas.fr\/en\/wp-json\/wp\/v2\/pages\/8731\/revisions\/9244"}],"wp:featuredmedia":[{"embeddable":true,"href":"https:\/\/www.cote-mas.fr\/en\/wp-json\/wp\/v2\/media\/8411"}],"wp:attachment":[{"href":"https:\/\/www.cote-mas.fr\/en\/wp-json\/wp\/v2\/media?parent=8731"}],"curies":[{"name":"wp","href":"https:\/\/api.w.org\/{rel}","templated":true}]}}