{"id":8484,"date":"2022-04-12T11:17:20","date_gmt":"2022-04-12T10:17:20","guid":{"rendered":"https:\/\/www.cote-mas.fr\/?page_id=8484"},"modified":"2022-05-23T13:32:08","modified_gmt":"2022-05-23T12:32:08","slug":"news-2","status":"publish","type":"page","link":"https:\/\/www.cote-mas.fr\/en\/news-2\/","title":{"rendered":"News"},"content":{"rendered":"\n\n[et_pb_section fb_built=&#8221;1&#8243; fullwidth=&#8221;on&#8221; custom_padding_last_edited=&#8221;on|desktop&#8221; admin_label=&#8221;section&#8221; _builder_version=&#8221;4.14.2&#8243; background_color=&#8221;#000000&#8243; height_tablet=&#8221;&#8221; height_phone=&#8221;134px&#8221; height_last_edited=&#8221;on|phone&#8221; custom_padding=&#8221;||26px|||&#8221; custom_padding_tablet=&#8221;50px|0|50px|0&#8243; custom_padding_phone=&#8221;50px|0|1px|0||&#8221; border_width_top=&#8221;7px&#8221; border_width_bottom=&#8221;9px&#8221; transparent_background=&#8221;off&#8221; padding_mobile=&#8221;off&#8221; make_fullwidth=&#8221;off&#8221; use_custom_width=&#8221;off&#8221; width_unit=&#8221;on&#8221; locked=&#8221;off&#8221; global_colors_info=&#8221;{}&#8221;][et_pb_fullwidth_image src=&#8221;https:\/\/www.cote-mas.fr\/wp-content\/uploads\/2022\/01\/Les-actualites.png&#8221; title_text=&#8221;News&#8221; _builder_version=&#8221;4.14.2&#8243; _module_preset=&#8221;default&#8221; max_width=&#8221;40%&#8221; max_width_tablet=&#8221;76%&#8221; max_width_phone=&#8221;95%&#8221; max_width_last_edited=&#8221;on|phone&#8221; module_alignment=&#8221;left&#8221; custom_margin=&#8221;-30px||||false|false&#8221; custom_padding=&#8221;||0px|60px|false|false&#8221; global_colors_info=&#8221;{}&#8221;][\/et_pb_fullwidth_image][\/et_pb_section][et_pb_section fb_built=&#8221;1&#8243; custom_padding_last_edited=&#8221;on|desktop&#8221; _builder_version=&#8221;4.14.2&#8243; background_color=&#8221;#5f504d&#8221; custom_padding_tablet=&#8221;50px|0|50px|0&#8243; custom_padding_phone=&#8221;&#8221; hover_enabled=&#8221;0&#8243; transparent_background=&#8221;off&#8221; padding_mobile=&#8221;off&#8221; make_fullwidth=&#8221;off&#8221; use_custom_width=&#8221;off&#8221; width_unit=&#8221;on&#8221; global_colors_info=&#8221;{}&#8221; sticky_enabled=&#8221;0&#8243;][et_pb_row _builder_version=&#8221;3.25&#8243; background_size=&#8221;initial&#8221; background_position=&#8221;top_left&#8221; background_repeat=&#8221;repeat&#8221; custom_margin=&#8221;-11px|auto||auto||&#8221; global_colors_info=&#8221;{}&#8221;][et_pb_column type=&#8221;4_4&#8243; _builder_version=&#8221;3.25&#8243; custom_padding=&#8221;|||&#8221; global_colors_info=&#8221;{}&#8221; custom_padding__hover=&#8221;|||&#8221;][et_pb_blog fullwidth=&#8221;off&#8221; posts_number=&#8221;6&#8243; include_categories=&#8221;9,34,32,30,36,12,38,11,7,40,10,39,8&#8243; show_more=&#8221;on&#8221; show_author=&#8221;off&#8221; show_comments=&#8221;on&#8221; _builder_version=&#8221;4.14.2&#8243; hover_enabled=&#8221;0&#8243; pagination_font_size_tablet=&#8221;51&#8243; pagination_line_height_tablet=&#8221;2&#8243; border_color_all=&#8221;#ffffff&#8221; border_width_all_fullwidth=&#8221;6px&#8221; border_color_all_fullwidth=&#8221;#ffffff&#8221; border_style_all_fullwidth=&#8221;groove&#8221; use_border_color=&#8221;on&#8221; global_colors_info=&#8221;{}&#8221; border_width_all=&#8221;2px&#8221; box_shadow_style=&#8221;preset4&#8243; sticky_enabled=&#8221;0&#8243;][\/et_pb_blog][\/et_pb_column][\/et_pb_row][\/et_pb_section]\n\n","protected":false},"excerpt":{"rendered":"<p>Events, Garden Party, tastings, find all the news from C\u00f4t\u00e9 Mas!<\/p>\n","protected":false},"author":43,"featured_media":7894,"parent":0,"menu_order":0,"comment_status":"closed","ping_status":"closed","template":"","meta":{"_et_pb_use_builder":"on","_et_pb_old_content":"","_et_gb_content_width":"","footnotes":""},"class_list":["post-8484","page","type-page","status-publish","has-post-thumbnail","hentry"],"yoast_head":"<!-- This site is optimized with the Yoast SEO plugin v27.2 - https:\/\/yoast.com\/product\/yoast-seo-wordpress\/ -->\n<title>News - C\u00f4t\u00e9 Mas<\/title>\n<meta name=\"description\" content=\"Events, Garden Party, tastings, find all the news from C\u00f4t\u00e9 Mas!\" \/>\n<meta name=\"robots\" content=\"index, follow, max-snippet:-1, max-image-preview:large, max-video-preview:-1\" \/>\n<link rel=\"canonical\" href=\"https:\/\/www.cote-mas.fr\/en\/news-2\/\" \/>\n<meta property=\"og:locale\" content=\"en_US\" \/>\n<meta property=\"og:type\" content=\"article\" \/>\n<meta property=\"og:title\" content=\"News - C\u00f4t\u00e9 Mas\" \/>\n<meta property=\"og:description\" content=\"Events, Garden Party, tastings, find all the news from C\u00f4t\u00e9 Mas!\" \/>\n<meta property=\"og:url\" content=\"https:\/\/www.cote-mas.fr\/en\/news-2\/\" \/>\n<meta property=\"og:site_name\" content=\"C\u00f4t\u00e9 Mas\" \/>\n<meta property=\"article:publisher\" content=\"https:\/\/www.facebook.com\/Cote.Mas\" \/>\n<meta property=\"article:modified_time\" content=\"2022-05-23T12:32:08+00:00\" \/>\n<meta property=\"og:image\" content=\"https:\/\/www.cote-mas.fr\/wp-content\/uploads\/2022\/01\/P6A0510copie.jpg\" \/>\n\t<meta property=\"og:image:width\" content=\"1024\" \/>\n\t<meta property=\"og:image:height\" content=\"1536\" \/>\n\t<meta property=\"og:image:type\" content=\"image\/jpeg\" \/>\n<meta name=\"twitter:card\" content=\"summary_large_image\" \/>\n<meta name=\"twitter:label1\" content=\"Est. reading time\" \/>\n\t<meta name=\"twitter:data1\" content=\"1 minute\" \/>\n<script type=\"application\/ld+json\" class=\"yoast-schema-graph\">{\"@context\":\"https:\/\/schema.org\",\"@graph\":[{\"@type\":\"WebPage\",\"@id\":\"https:\/\/www.cote-mas.fr\/en\/news-2\/\",\"url\":\"https:\/\/www.cote-mas.fr\/en\/news-2\/\",\"name\":\"News - C\u00f4t\u00e9 Mas\",\"isPartOf\":{\"@id\":\"https:\/\/www.cote-mas.fr\/#website\"},\"primaryImageOfPage\":{\"@id\":\"https:\/\/www.cote-mas.fr\/en\/news-2\/#primaryimage\"},\"image\":{\"@id\":\"https:\/\/www.cote-mas.fr\/en\/news-2\/#primaryimage\"},\"thumbnailUrl\":\"https:\/\/www.cote-mas.fr\/wp-content\/uploads\/2022\/01\/P6A0510copie.jpg\",\"datePublished\":\"2022-04-12T10:17:20+00:00\",\"dateModified\":\"2022-05-23T12:32:08+00:00\",\"description\":\"Events, Garden Party, tastings, find all the news from C\u00f4t\u00e9 Mas!\",\"breadcrumb\":{\"@id\":\"https:\/\/www.cote-mas.fr\/en\/news-2\/#breadcrumb\"},\"inLanguage\":\"en-US\",\"potentialAction\":[{\"@type\":\"ReadAction\",\"target\":[\"https:\/\/www.cote-mas.fr\/en\/news-2\/\"]}]},{\"@type\":\"ImageObject\",\"inLanguage\":\"en-US\",\"@id\":\"https:\/\/www.cote-mas.fr\/en\/news-2\/#primaryimage\",\"url\":\"https:\/\/www.cote-mas.fr\/wp-content\/uploads\/2022\/01\/P6A0510copie.jpg\",\"contentUrl\":\"https:\/\/www.cote-mas.fr\/wp-content\/uploads\/2022\/01\/P6A0510copie.jpg\",\"width\":1024,\"height\":1536,\"caption\":\"Jardin Suites Maison Nicole - C\u00f4t\u00e9 Mas\"},{\"@type\":\"BreadcrumbList\",\"@id\":\"https:\/\/www.cote-mas.fr\/en\/news-2\/#breadcrumb\",\"itemListElement\":[{\"@type\":\"ListItem\",\"position\":1,\"name\":\"Accueil\",\"item\":\"https:\/\/www.cote-mas.fr\/en\/\"},{\"@type\":\"ListItem\",\"position\":2,\"name\":\"News\"}]},{\"@type\":\"WebSite\",\"@id\":\"https:\/\/www.cote-mas.fr\/#website\",\"url\":\"https:\/\/www.cote-mas.fr\/\",\"name\":\"C\u00f4t\u00e9 Mas\",\"description\":\"Le restaurant des Domaines Paul Mas \u00e0 Montagnac en Languedoc\",\"publisher\":{\"@id\":\"https:\/\/www.cote-mas.fr\/#organization\"},\"potentialAction\":[{\"@type\":\"SearchAction\",\"target\":{\"@type\":\"EntryPoint\",\"urlTemplate\":\"https:\/\/www.cote-mas.fr\/?s={search_term_string}\"},\"query-input\":{\"@type\":\"PropertyValueSpecification\",\"valueRequired\":true,\"valueName\":\"search_term_string\"}}],\"inLanguage\":\"en-US\"},{\"@type\":\"Organization\",\"@id\":\"https:\/\/www.cote-mas.fr\/#organization\",\"name\":\"C\u00f4t\u00e9 Mas\",\"url\":\"https:\/\/www.cote-mas.fr\/\",\"logo\":{\"@type\":\"ImageObject\",\"inLanguage\":\"en-US\",\"@id\":\"https:\/\/www.cote-mas.fr\/#\/schema\/logo\/image\/\",\"url\":\"https:\/\/www.cote-mas.fr\/wp-content\/uploads\/2021\/07\/Logo-cote-mas-seul-copie-2.png\",\"contentUrl\":\"https:\/\/www.cote-mas.fr\/wp-content\/uploads\/2021\/07\/Logo-cote-mas-seul-copie-2.png\",\"width\":487,\"height\":114,\"caption\":\"C\u00f4t\u00e9 Mas\"},\"image\":{\"@id\":\"https:\/\/www.cote-mas.fr\/#\/schema\/logo\/image\/\"},\"sameAs\":[\"https:\/\/www.facebook.com\/Cote.Mas\",\"https:\/\/www.instagram.com\/cotemas\/\"]}]}<\/script>\n<!-- \/ Yoast SEO plugin. -->","yoast_head_json":{"title":"News - C\u00f4t\u00e9 Mas","description":"Events, Garden Party, tastings, find all the news from C\u00f4t\u00e9 Mas!","robots":{"index":"index","follow":"follow","max-snippet":"max-snippet:-1","max-image-preview":"max-image-preview:large","max-video-preview":"max-video-preview:-1"},"canonical":"https:\/\/www.cote-mas.fr\/en\/news-2\/","og_locale":"en_US","og_type":"article","og_title":"News - C\u00f4t\u00e9 Mas","og_description":"Events, Garden Party, tastings, find all the news from C\u00f4t\u00e9 Mas!","og_url":"https:\/\/www.cote-mas.fr\/en\/news-2\/","og_site_name":"C\u00f4t\u00e9 Mas","article_publisher":"https:\/\/www.facebook.com\/Cote.Mas","article_modified_time":"2022-05-23T12:32:08+00:00","og_image":[{"width":1024,"height":1536,"url":"https:\/\/www.cote-mas.fr\/wp-content\/uploads\/2022\/01\/P6A0510copie.jpg","type":"image\/jpeg"}],"twitter_card":"summary_large_image","twitter_misc":{"Est. reading time":"1 minute"},"schema":{"@context":"https:\/\/schema.org","@graph":[{"@type":"WebPage","@id":"https:\/\/www.cote-mas.fr\/en\/news-2\/","url":"https:\/\/www.cote-mas.fr\/en\/news-2\/","name":"News - C\u00f4t\u00e9 Mas","isPartOf":{"@id":"https:\/\/www.cote-mas.fr\/#website"},"primaryImageOfPage":{"@id":"https:\/\/www.cote-mas.fr\/en\/news-2\/#primaryimage"},"image":{"@id":"https:\/\/www.cote-mas.fr\/en\/news-2\/#primaryimage"},"thumbnailUrl":"https:\/\/www.cote-mas.fr\/wp-content\/uploads\/2022\/01\/P6A0510copie.jpg","datePublished":"2022-04-12T10:17:20+00:00","dateModified":"2022-05-23T12:32:08+00:00","description":"Events, Garden Party, tastings, find all the news from C\u00f4t\u00e9 Mas!","breadcrumb":{"@id":"https:\/\/www.cote-mas.fr\/en\/news-2\/#breadcrumb"},"inLanguage":"en-US","potentialAction":[{"@type":"ReadAction","target":["https:\/\/www.cote-mas.fr\/en\/news-2\/"]}]},{"@type":"ImageObject","inLanguage":"en-US","@id":"https:\/\/www.cote-mas.fr\/en\/news-2\/#primaryimage","url":"https:\/\/www.cote-mas.fr\/wp-content\/uploads\/2022\/01\/P6A0510copie.jpg","contentUrl":"https:\/\/www.cote-mas.fr\/wp-content\/uploads\/2022\/01\/P6A0510copie.jpg","width":1024,"height":1536,"caption":"Jardin Suites Maison Nicole - C\u00f4t\u00e9 Mas"},{"@type":"BreadcrumbList","@id":"https:\/\/www.cote-mas.fr\/en\/news-2\/#breadcrumb","itemListElement":[{"@type":"ListItem","position":1,"name":"Accueil","item":"https:\/\/www.cote-mas.fr\/en\/"},{"@type":"ListItem","position":2,"name":"News"}]},{"@type":"WebSite","@id":"https:\/\/www.cote-mas.fr\/#website","url":"https:\/\/www.cote-mas.fr\/","name":"C\u00f4t\u00e9 Mas","description":"Le restaurant des Domaines Paul Mas \u00e0 Montagnac en Languedoc","publisher":{"@id":"https:\/\/www.cote-mas.fr\/#organization"},"potentialAction":[{"@type":"SearchAction","target":{"@type":"EntryPoint","urlTemplate":"https:\/\/www.cote-mas.fr\/?s={search_term_string}"},"query-input":{"@type":"PropertyValueSpecification","valueRequired":true,"valueName":"search_term_string"}}],"inLanguage":"en-US"},{"@type":"Organization","@id":"https:\/\/www.cote-mas.fr\/#organization","name":"C\u00f4t\u00e9 Mas","url":"https:\/\/www.cote-mas.fr\/","logo":{"@type":"ImageObject","inLanguage":"en-US","@id":"https:\/\/www.cote-mas.fr\/#\/schema\/logo\/image\/","url":"https:\/\/www.cote-mas.fr\/wp-content\/uploads\/2021\/07\/Logo-cote-mas-seul-copie-2.png","contentUrl":"https:\/\/www.cote-mas.fr\/wp-content\/uploads\/2021\/07\/Logo-cote-mas-seul-copie-2.png","width":487,"height":114,"caption":"C\u00f4t\u00e9 Mas"},"image":{"@id":"https:\/\/www.cote-mas.fr\/#\/schema\/logo\/image\/"},"sameAs":["https:\/\/www.facebook.com\/Cote.Mas","https:\/\/www.instagram.com\/cotemas\/"]}]}},"_links":{"self":[{"href":"https:\/\/www.cote-mas.fr\/en\/wp-json\/wp\/v2\/pages\/8484","targetHints":{"allow":["GET"]}}],"collection":[{"href":"https:\/\/www.cote-mas.fr\/en\/wp-json\/wp\/v2\/pages"}],"about":[{"href":"https:\/\/www.cote-mas.fr\/en\/wp-json\/wp\/v2\/types\/page"}],"author":[{"embeddable":true,"href":"https:\/\/www.cote-mas.fr\/en\/wp-json\/wp\/v2\/users\/43"}],"replies":[{"embeddable":true,"href":"https:\/\/www.cote-mas.fr\/en\/wp-json\/wp\/v2\/comments?post=8484"}],"version-history":[{"count":10,"href":"https:\/\/www.cote-mas.fr\/en\/wp-json\/wp\/v2\/pages\/8484\/revisions"}],"predecessor-version":[{"id":9243,"href":"https:\/\/www.cote-mas.fr\/en\/wp-json\/wp\/v2\/pages\/8484\/revisions\/9243"}],"wp:featuredmedia":[{"embeddable":true,"href":"https:\/\/www.cote-mas.fr\/en\/wp-json\/wp\/v2\/media\/7894"}],"wp:attachment":[{"href":"https:\/\/www.cote-mas.fr\/en\/wp-json\/wp\/v2\/media?parent=8484"}],"curies":[{"name":"wp","href":"https:\/\/api.w.org\/{rel}","templated":true}]}}